{"id":4492,"date":"2024-04-02T17:02:34","date_gmt":"2024-04-02T10:02:34","guid":{"rendered":"https:\/\/phucuongplastic.com\/san-pham\/hop-nhua-vuong\/"},"modified":"2024-04-02T17:02:34","modified_gmt":"2024-04-02T10:02:34","slug":"hop-nhua-vuong","status":"publish","type":"product","link":"https:\/\/phucuongplastic.com\/en\/san-pham\/hop-nhua-vuong\/","title":{"rendered":"H\u1ed9p nh\u1ef1a vu\u00f4ng"},"content":{"rendered":"<p>S\u1ea3n ph\u1ea9m nh\u1ef1a k\u1ef9 thu\u1eadt c\u1ea7n \u0111\u01b0\u1ee3c thu gom chung v\u1edbi lo\u1ea1i r\u00e1c th\u1ea3i nh\u1ef1a t\u00e1i ch\u1ebf v\u00e0 \u0111\u01b0\u1ee3c chuy\u1ec3n \u0111\u1ebfn c\u00e1c nh\u00e0 m\u00e1y t\u00e1i ch\u1ebf \u0111\u1ec3 x\u1eed l\u00fd.<\/p>\n","protected":false},"excerpt":{"rendered":"<p>S\u1ea3n ph\u1ea9m nh\u1ef1a k\u1ef9 thu\u1eadt c\u1ea7n \u0111\u01b0\u1ee3c thu gom chung v\u1edbi lo\u1ea1i r\u00e1c th\u1ea3i nh\u1ef1a t\u00e1i ch\u1ebf v\u00e0 \u0111\u01b0\u1ee3c chuy\u1ec3n \u0111\u1ebfn c\u00e1c nh\u00e0 m\u00e1y t\u00e1i ch\u1ebf \u0111\u1ec3 x\u1eed l\u00fd.<\/p>\n","protected":false},"featured_media":3438,"template":"","meta":[],"product_cat":[126],"product_tag":[],"class_list":{"0":"post-4492","1":"product","2":"type-product","3":"status-publish","4":"has-post-thumbnail","6":"product_cat-other-product","8":"first","9":"outofstock","10":"virtual","11":"product-type-simple"},"acf":[],"yoast_head":"<!-- This site is optimized with the Yoast SEO plugin v22.8 - https:\/\/yoast.com\/wordpress\/plugins\/seo\/ -->\n<title>H\u1ed9p nh\u1ef1a vu\u00f4ng - Phu Cuong Plastic<\/title>\n<meta name=\"robots\" content=\"index, follow, max-snippet:-1, max-image-preview:large, max-video-preview:-1\" \/>\n<link rel=\"canonical\" href=\"https:\/\/phucuongplastic.com\/en\/san-pham\/hop-nhua-vuong\/\" \/>\n<meta property=\"og:locale\" content=\"en_US\" \/>\n<meta property=\"og:type\" content=\"article\" \/>\n<meta property=\"og:title\" content=\"H\u1ed9p nh\u1ef1a vu\u00f4ng - Phu Cuong Plastic\" \/>\n<meta property=\"og:description\" content=\"S\u1ea3n ph\u1ea9m nh\u1ef1a k\u1ef9 thu\u1eadt c\u1ea7n \u0111\u01b0\u1ee3c thu gom chung v\u1edbi lo\u1ea1i r\u00e1c th\u1ea3i nh\u1ef1a t\u00e1i ch\u1ebf v\u00e0 \u0111\u01b0\u1ee3c chuy\u1ec3n \u0111\u1ebfn c\u00e1c nh\u00e0 m\u00e1y t\u00e1i ch\u1ebf \u0111\u1ec3 x\u1eed l\u00fd.\" \/>\n<meta property=\"og:url\" content=\"https:\/\/phucuongplastic.com\/en\/san-pham\/hop-nhua-vuong\/\" \/>\n<meta property=\"og:site_name\" content=\"Phu Cuong Plastic\" \/>\n<meta name=\"twitter:card\" content=\"summary_large_image\" \/>\n<script type=\"application\/ld+json\" class=\"yoast-schema-graph\">{\"@context\":\"https:\/\/schema.org\",\"@graph\":[{\"@type\":\"WebPage\",\"@id\":\"https:\/\/phucuongplastic.com\/en\/san-pham\/hop-nhua-vuong\/\",\"url\":\"https:\/\/phucuongplastic.com\/en\/san-pham\/hop-nhua-vuong\/\",\"name\":\"H\u1ed9p nh\u1ef1a vu\u00f4ng - Phu Cuong Plastic\",\"isPartOf\":{\"@id\":\"https:\/\/phucuongplastic.com\/#website\"},\"primaryImageOfPage\":{\"@id\":\"https:\/\/phucuongplastic.com\/en\/san-pham\/hop-nhua-vuong\/#primaryimage\"},\"image\":{\"@id\":\"https:\/\/phucuongplastic.com\/en\/san-pham\/hop-nhua-vuong\/#primaryimage\"},\"thumbnailUrl\":\"https:\/\/phucuongplastic.com\/wp-content\/uploads\/2024\/04\/hop-nhua-vuong.jpg\",\"datePublished\":\"2024-04-02T10:02:34+00:00\",\"dateModified\":\"2024-04-02T10:02:34+00:00\",\"breadcrumb\":{\"@id\":\"https:\/\/phucuongplastic.com\/en\/san-pham\/hop-nhua-vuong\/#breadcrumb\"},\"inLanguage\":\"en-US\",\"potentialAction\":[{\"@type\":\"ReadAction\",\"target\":[\"https:\/\/phucuongplastic.com\/en\/san-pham\/hop-nhua-vuong\/\"]}]},{\"@type\":\"ImageObject\",\"inLanguage\":\"en-US\",\"@id\":\"https:\/\/phucuongplastic.com\/en\/san-pham\/hop-nhua-vuong\/#primaryimage\",\"url\":\"https:\/\/phucuongplastic.com\/wp-content\/uploads\/2024\/04\/hop-nhua-vuong.jpg\",\"contentUrl\":\"https:\/\/phucuongplastic.com\/wp-content\/uploads\/2024\/04\/hop-nhua-vuong.jpg\",\"width\":450,\"height\":450},{\"@type\":\"BreadcrumbList\",\"@id\":\"https:\/\/phucuongplastic.com\/en\/san-pham\/hop-nhua-vuong\/#breadcrumb\",\"itemListElement\":[{\"@type\":\"ListItem\",\"position\":1,\"name\":\"Trang ch\u1ee7\",\"item\":\"https:\/\/phucuongplastic.com\/?lang=en\"},{\"@type\":\"ListItem\",\"position\":2,\"name\":\"H\u1ed9p nh\u1ef1a vu\u00f4ng\"}]},{\"@type\":\"WebSite\",\"@id\":\"https:\/\/phucuongplastic.com\/#website\",\"url\":\"https:\/\/phucuongplastic.com\/\",\"name\":\"Phu Cuong Plastic\",\"description\":\"\",\"potentialAction\":[{\"@type\":\"SearchAction\",\"target\":{\"@type\":\"EntryPoint\",\"urlTemplate\":\"https:\/\/phucuongplastic.com\/?s={search_term_string}\"},\"query-input\":\"required name=search_term_string\"}],\"inLanguage\":\"en-US\"}]}<\/script>\n<!-- \/ Yoast SEO plugin. -->","yoast_head_json":{"title":"H\u1ed9p nh\u1ef1a vu\u00f4ng - Phu Cuong Plastic","robots":{"index":"index","follow":"follow","max-snippet":"max-snippet:-1","max-image-preview":"max-image-preview:large","max-video-preview":"max-video-preview:-1"},"canonical":"https:\/\/phucuongplastic.com\/en\/san-pham\/hop-nhua-vuong\/","og_locale":"en_US","og_type":"article","og_title":"H\u1ed9p nh\u1ef1a vu\u00f4ng - Phu Cuong Plastic","og_description":"S\u1ea3n ph\u1ea9m nh\u1ef1a k\u1ef9 thu\u1eadt c\u1ea7n \u0111\u01b0\u1ee3c thu gom chung v\u1edbi lo\u1ea1i r\u00e1c th\u1ea3i nh\u1ef1a t\u00e1i ch\u1ebf v\u00e0 \u0111\u01b0\u1ee3c chuy\u1ec3n \u0111\u1ebfn c\u00e1c nh\u00e0 m\u00e1y t\u00e1i ch\u1ebf \u0111\u1ec3 x\u1eed l\u00fd.","og_url":"https:\/\/phucuongplastic.com\/en\/san-pham\/hop-nhua-vuong\/","og_site_name":"Phu Cuong Plastic","twitter_card":"summary_large_image","schema":{"@context":"https:\/\/schema.org","@graph":[{"@type":"WebPage","@id":"https:\/\/phucuongplastic.com\/en\/san-pham\/hop-nhua-vuong\/","url":"https:\/\/phucuongplastic.com\/en\/san-pham\/hop-nhua-vuong\/","name":"H\u1ed9p nh\u1ef1a vu\u00f4ng - Phu Cuong Plastic","isPartOf":{"@id":"https:\/\/phucuongplastic.com\/#website"},"primaryImageOfPage":{"@id":"https:\/\/phucuongplastic.com\/en\/san-pham\/hop-nhua-vuong\/#primaryimage"},"image":{"@id":"https:\/\/phucuongplastic.com\/en\/san-pham\/hop-nhua-vuong\/#primaryimage"},"thumbnailUrl":"https:\/\/phucuongplastic.com\/wp-content\/uploads\/2024\/04\/hop-nhua-vuong.jpg","datePublished":"2024-04-02T10:02:34+00:00","dateModified":"2024-04-02T10:02:34+00:00","breadcrumb":{"@id":"https:\/\/phucuongplastic.com\/en\/san-pham\/hop-nhua-vuong\/#breadcrumb"},"inLanguage":"en-US","potentialAction":[{"@type":"ReadAction","target":["https:\/\/phucuongplastic.com\/en\/san-pham\/hop-nhua-vuong\/"]}]},{"@type":"ImageObject","inLanguage":"en-US","@id":"https:\/\/phucuongplastic.com\/en\/san-pham\/hop-nhua-vuong\/#primaryimage","url":"https:\/\/phucuongplastic.com\/wp-content\/uploads\/2024\/04\/hop-nhua-vuong.jpg","contentUrl":"https:\/\/phucuongplastic.com\/wp-content\/uploads\/2024\/04\/hop-nhua-vuong.jpg","width":450,"height":450},{"@type":"BreadcrumbList","@id":"https:\/\/phucuongplastic.com\/en\/san-pham\/hop-nhua-vuong\/#breadcrumb","itemListElement":[{"@type":"ListItem","position":1,"name":"Trang ch\u1ee7","item":"https:\/\/phucuongplastic.com\/?lang=en"},{"@type":"ListItem","position":2,"name":"H\u1ed9p nh\u1ef1a vu\u00f4ng"}]},{"@type":"WebSite","@id":"https:\/\/phucuongplastic.com\/#website","url":"https:\/\/phucuongplastic.com\/","name":"Phu Cuong Plastic","description":"","potentialAction":[{"@type":"SearchAction","target":{"@type":"EntryPoint","urlTemplate":"https:\/\/phucuongplastic.com\/?s={search_term_string}"},"query-input":"required name=search_term_string"}],"inLanguage":"en-US"}]}},"_links":{"self":[{"href":"https:\/\/phucuongplastic.com\/en\/wp-json\/wp\/v2\/product\/4492","targetHints":{"allow":["GET"]}}],"collection":[{"href":"https:\/\/phucuongplastic.com\/en\/wp-json\/wp\/v2\/product"}],"about":[{"href":"https:\/\/phucuongplastic.com\/en\/wp-json\/wp\/v2\/types\/product"}],"wp:featuredmedia":[{"embeddable":true,"href":"https:\/\/phucuongplastic.com\/en\/wp-json\/wp\/v2\/media\/3438"}],"wp:attachment":[{"href":"https:\/\/phucuongplastic.com\/en\/wp-json\/wp\/v2\/media?parent=4492"}],"wp:term":[{"taxonomy":"product_cat","embeddable":true,"href":"https:\/\/phucuongplastic.com\/en\/wp-json\/wp\/v2\/product_cat?post=4492"},{"taxonomy":"product_tag","embeddable":true,"href":"https:\/\/phucuongplastic.com\/en\/wp-json\/wp\/v2\/product_tag?post=4492"}],"curies":[{"name":"wp","href":"https:\/\/api.w.org\/{rel}","templated":true}]}}